{"id":88,"date":"2025-12-22T22:05:54","date_gmt":"2025-12-22T21:05:54","guid":{"rendered":"https:\/\/hierrosyaluminioscabrera.com\/?page_id=88"},"modified":"2025-12-26T21:13:23","modified_gmt":"2025-12-26T20:13:23","slug":"politicas-de-privacidad","status":"publish","type":"page","link":"https:\/\/hierrosyaluminioscabrera.com\/?page_id=88","title":{"rendered":"pol\u00edticas de privacidad"},"content":{"rendered":"\t\t<div data-elementor-type=\"wp-page\" data-elementor-id=\"88\" class=\"elementor elementor-88\" data-elementor-post-type=\"page\">\n\t\t\t\t<div class=\"elementor-element elementor-element-595cc56 e-flex e-con-boxed wpr-particle-no wpr-jarallax-no wpr-parallax-no wpr-sticky-section-no e-con e-parent\" data-id=\"595cc56\" data-element_type=\"container\" data-settings=\"{&quot;background_background&quot;:&quot;classic&quot;}\">\n\t\t\t\t\t<div class=\"e-con-inner\">\n\t\t<div class=\"elementor-element elementor-element-b770430 e-con-full e-flex wpr-particle-no wpr-jarallax-no wpr-parallax-no wpr-sticky-section-no e-con e-child\" data-id=\"b770430\" data-element_type=\"container\">\n\t\t\t\t<div class=\"elementor-element elementor-element-7404ad3 elementor-invisible elementor-widget elementor-widget-heading\" data-id=\"7404ad3\" data-element_type=\"widget\" data-settings=\"{&quot;_animation&quot;:&quot;fadeInDown&quot;}\" data-widget_type=\"heading.default\">\n\t\t\t\t\t<h1 class=\"elementor-heading-title elementor-size-default\">pol\u00edticas<\/h1>\t\t\t\t<\/div>\n\t\t\t\t<\/div>\n\t\t\t\t\t<\/div>\n\t\t\t\t<\/div>\n\t\t<div class=\"elementor-element elementor-element-469820d e-flex e-con-boxed wpr-particle-no wpr-jarallax-no wpr-parallax-no wpr-sticky-section-no e-con e-parent\" data-id=\"469820d\" data-element_type=\"container\">\n\t\t\t\t\t<div class=\"e-con-inner\">\n\t\t\t\t<div class=\"elementor-element elementor-element-3dea93b elementor-invisible elementor-widget elementor-widget-text-editor\" data-id=\"3dea93b\" data-element_type=\"widget\" data-settings=\"{&quot;_animation&quot;:&quot;fadeInDown&quot;}\" data-widget_type=\"text-editor.default\">\n\t\t\t\t\t\t\t\t\t<!DOCTYPE html>\n<html lang=\"es\">\n<head>\n<meta charset=\"UTF-8\">\n<\/head>\n<body>\n\n    <h1>POL\u00cdTICA DE PRIVACIDAD<\/h1>\n    <p>\u00daltima actualizaci\u00f3n: <strong>26 de diciembre de 2025<\/strong><\/p>\n\n    <p>La presente Pol\u00edtica de Privacidad tiene por objeto informar sobre el modo en que se tratan y protegen los datos personales recogidos a trav\u00e9s del sitio web de <strong>DIEGO FERNANDO CABRERA RODRIGUEZ<\/strong>.<\/p>\n\n    <hr>\n\n    <h3>1. RESPONSABLE DEL TRATAMIENTO<\/h3>\n    <ul>\n        <li><strong>Identidad:<\/strong> DIEGO FERNANDO CABRERA RODRIGUEZ (en adelante, el \u00abTitular\u00bb)<\/li>\n        <li><strong>DNI:<\/strong> 77587987V<\/li>\n        <li><strong>Direcci\u00f3n de contacto:<\/strong> La Algaba, Sevilla.<\/li>\n        <li><strong>Correo electr\u00f3nico:<\/strong> hyadiegocabrera@gmail.com<\/li>\n        <li><strong>Tel\u00e9fono:<\/strong> +34 653 81 26 18<\/li>\n    <\/ul>\n\n    <h3>2. FINALIDAD DEL TRATAMIENTO DE LOS DATOS<\/h3>\n    <p>Tratamos los datos que nos facilitan las personas interesadas con las siguientes finalidades:<\/p>\n    <ul>\n        <li><strong>Gesti\u00f3n de consultas:<\/strong> Responder a las solicitudes de informaci\u00f3n, presupuestos o dudas enviadas a trav\u00e9s de los formularios de contacto.<\/li>\n        <li><strong>Prestaci\u00f3n de servicios:<\/strong> Gestionar la relaci\u00f3n comercial para la fabricaci\u00f3n e instalaci\u00f3n de trabajos de carpinter\u00eda met\u00e1lica (hierro y aluminio).<\/li>\n        <li><strong>Comunicaciones:<\/strong> Enviar comunicaciones relacionadas con el servicio contratado o solicitado.<\/li>\n    <\/ul>\n\n    <h3>3. LEGITIMACI\u00d3N<\/h3>\n    <p>La base legal para el tratamiento de sus datos es:<\/p>\n    <ul>\n        <li>El <strong>consentimiento<\/strong> del interesado al completar el formulario de contacto o realizar una consulta.<\/li>\n        <li>La <strong>ejecuci\u00f3n de un contrato<\/strong> o aplicaci\u00f3n de medidas precontractuales (presupuestos) cuando la finalidad sea la contrataci\u00f3n de servicios.<\/li>\n    <\/ul>\n\n    <h3>4. PLAZO DE CONSERVACI\u00d3N DE LOS DATOS<\/h3>\n    <p>Los datos personales proporcionados se conservar\u00e1n durante el tiempo necesario para cumplir con la finalidad para la que se recabaron y para determinar las posibles responsabilidades que se pudieran derivar de dicha finalidad y del tratamiento de los datos.<\/p>\n\n    <h3>5. DESTINATARIOS DE LOS DATOS<\/h3>\n    <p>Los datos <strong>no se ceder\u00e1n a terceros<\/strong>, salvo en los casos en que exista una obligaci\u00f3n legal o sea estrictamente necesario para la prestaci\u00f3n del servicio (por ejemplo, proveedores log\u00edsticos o de servicios t\u00e9cnicos).<\/p>\n\n    <h3>6. DERECHOS DE LOS INTERESADOS<\/h3>\n    <p>Usted tiene derecho a obtener confirmaci\u00f3n sobre si estamos tratando sus datos personales. Como interesado, tiene derecho a:<\/p>\n    <ul>\n        <li><strong>Acceder<\/strong> a sus datos personales.<\/li>\n        <li>Solicitar la <strong>rectificaci\u00f3n<\/strong> de datos inexactos.<\/li>\n        <li>Solicitar su <strong>supresi\u00f3n<\/strong> (derecho al olvido) cuando, entre otros motivos, los datos ya no sean necesarios para los fines que fueron recogidos.<\/li>\n        <li>Solicitar la <strong>limitaci\u00f3n<\/strong> de su tratamiento, en cuyo caso solo los conservaremos para el ejercicio o la defensa de reclamaciones.<\/li>\n        <li>Solicitar la <strong>portabilidad<\/strong> de sus datos.<\/li>\n    <\/ul>\n    <p>Para ejercer estos derechos, puede enviar un correo electr\u00f3nico a <strong>hyadiegocabrera@gmail.com<\/strong> adjuntando una copia de su DNI para acreditar su identidad.<\/p>\n\n    <h3>7. SEGURIDAD DE LOS DATOS<\/h3>\n    <p>El Titular adopta las medidas organizativas y t\u00e9cnicas necesarias para garantizar la seguridad de los datos personales y evitar su alteraci\u00f3n, p\u00e9rdida, tratamiento o acceso no autorizado, habida cuenta del estado de la tecnolog\u00eda y la naturaleza de los datos almacenados.<\/p>\n\n    <h3>8. CAMBIOS EN LA POL\u00cdTICA DE PRIVACIDAD<\/h3>\n    <p>El Titular se reserva el derecho a modificar la presente pol\u00edtica para adaptarla a novedades legislativas o jurisprudenciales. En dichos supuestos, se anunciar\u00e1n en esta p\u00e1gina los cambios introducidos con razonable antelaci\u00f3n a su puesta en pr\u00e1ctica.<\/p>\n\n<\/body>\n<\/html>\t\t\t\t\t\t\t\t<\/div>\n\t\t\t\t\t<\/div>\n\t\t\t\t<\/div>\n\t\t\t\t<\/div>\n\t\t","protected":false},"excerpt":{"rendered":"<p>pol\u00edticas POL\u00cdTICA DE PRIVACIDAD \u00daltima actualizaci\u00f3n: 26 de diciembre de 2025 La presente Pol\u00edtica de Privacidad tiene por objeto informar sobre el modo en que se tratan y protegen los datos personales recogidos a trav\u00e9s del sitio web de DIEGO FERNANDO CABRERA RODRIGUEZ. 1. RESPONSABLE DEL TRATAMIENTO Identidad: DIEGO FERNANDO CABRERA RODRIGUEZ (en adelante, el \u00abTitular\u00bb) DNI: 77587987V Direcci\u00f3n de contacto: La Algaba, Sevilla. Correo electr\u00f3nico: hyadiegocabrera@gmail.com Tel\u00e9fono: +34 653 81 26 18 2. FINALIDAD DEL TRATAMIENTO DE LOS DATOS Tratamos los datos que nos facilitan las personas interesadas con las siguientes finalidades: Gesti\u00f3n de consultas: Responder a las solicitudes de informaci\u00f3n, presupuestos o dudas enviadas a trav\u00e9s de los formularios de contacto. Prestaci\u00f3n de servicios: Gestionar la relaci\u00f3n comercial para la fabricaci\u00f3n e instalaci\u00f3n de trabajos de carpinter\u00eda met\u00e1lica (hierro y aluminio). Comunicaciones: Enviar comunicaciones relacionadas con el servicio contratado o solicitado. 3. LEGITIMACI\u00d3N La base legal para el tratamiento de sus datos es: El consentimiento del interesado al completar el formulario de contacto o realizar una consulta. La ejecuci\u00f3n de un contrato o aplicaci\u00f3n de medidas precontractuales (presupuestos) cuando la finalidad sea la contrataci\u00f3n de servicios. 4. PLAZO DE CONSERVACI\u00d3N DE LOS DATOS Los datos personales proporcionados se conservar\u00e1n durante el tiempo necesario para cumplir con la finalidad para la que se recabaron y para determinar las posibles responsabilidades que se pudieran derivar de dicha finalidad y del tratamiento de los datos. 5. DESTINATARIOS DE LOS DATOS Los datos no se ceder\u00e1n a terceros, salvo en los casos en que exista una obligaci\u00f3n legal o sea estrictamente necesario para la prestaci\u00f3n del servicio (por ejemplo, proveedores log\u00edsticos o de servicios t\u00e9cnicos). 6. DERECHOS DE LOS INTERESADOS Usted tiene derecho a obtener confirmaci\u00f3n sobre si estamos tratando sus datos personales. Como interesado, tiene derecho a: Acceder a sus datos personales. Solicitar la rectificaci\u00f3n de datos inexactos. Solicitar su supresi\u00f3n (derecho al olvido) cuando, entre otros motivos, los datos ya no sean necesarios para los fines que fueron recogidos. Solicitar la limitaci\u00f3n de su tratamiento, en cuyo caso solo los conservaremos para el ejercicio o la defensa de reclamaciones. Solicitar la portabilidad de sus datos. Para ejercer estos derechos, puede enviar un correo electr\u00f3nico a hyadiegocabrera@gmail.com adjuntando una copia de su DNI para acreditar su identidad. 7. SEGURIDAD DE LOS DATOS El Titular adopta las medidas organizativas y t\u00e9cnicas necesarias para garantizar la seguridad de los datos personales y evitar su alteraci\u00f3n, p\u00e9rdida, tratamiento o acceso no autorizado, habida cuenta del estado de la tecnolog\u00eda y la naturaleza de los datos almacenados. 8. CAMBIOS EN LA POL\u00cdTICA DE PRIVACIDAD El Titular se reserva el derecho a modificar la presente pol\u00edtica para adaptarla a novedades legislativas o jurisprudenciales. En dichos supuestos, se anunciar\u00e1n en esta p\u00e1gina los cambios introducidos con razonable antelaci\u00f3n a su puesta en pr\u00e1ctica.<\/p>\n","protected":false},"author":1,"featured_media":0,"parent":0,"menu_order":0,"comment_status":"closed","ping_status":"closed","template":"","meta":{"footnotes":""},"class_list":["post-88","page","type-page","status-publish","hentry"],"_links":{"self":[{"href":"https:\/\/hierrosyaluminioscabrera.com\/index.php?rest_route=\/wp\/v2\/pages\/88","targetHints":{"allow":["GET"]}}],"collection":[{"href":"https:\/\/hierrosyaluminioscabrera.com\/index.php?rest_route=\/wp\/v2\/pages"}],"about":[{"href":"https:\/\/hierrosyaluminioscabrera.com\/index.php?rest_route=\/wp\/v2\/types\/page"}],"author":[{"embeddable":true,"href":"https:\/\/hierrosyaluminioscabrera.com\/index.php?rest_route=\/wp\/v2\/users\/1"}],"replies":[{"embeddable":true,"href":"https:\/\/hierrosyaluminioscabrera.com\/index.php?rest_route=%2Fwp%2Fv2%2Fcomments&post=88"}],"version-history":[{"count":13,"href":"https:\/\/hierrosyaluminioscabrera.com\/index.php?rest_route=\/wp\/v2\/pages\/88\/revisions"}],"predecessor-version":[{"id":495,"href":"https:\/\/hierrosyaluminioscabrera.com\/index.php?rest_route=\/wp\/v2\/pages\/88\/revisions\/495"}],"wp:attachment":[{"href":"https:\/\/hierrosyaluminioscabrera.com\/index.php?rest_route=%2Fwp%2Fv2%2Fmedia&parent=88"}],"curies":[{"name":"wp","href":"https:\/\/api.w.org\/{rel}","templated":true}]}}